{"id":497,"date":"2026-01-08T11:28:19","date_gmt":"2026-01-08T10:28:19","guid":{"rendered":"https:\/\/kaeledyrsurner.dk\/?post_type=product&#038;p=497"},"modified":"2026-01-08T11:52:59","modified_gmt":"2026-01-08T10:52:59","slug":"urne-til-hund-billy","status":"publish","type":"product","link":"https:\/\/kaeledyrsurner.dk\/en\/produkt\/urne-til-hund-billy\/","title":{"rendered":"Urn for dog - Billy"},"content":{"rendered":"<p>HUND MED RUNDT HOVED OG FLAD SNUDE<\/p>\n<p>Hundene er ikke portr\u00e6tter af bestemte racer, men vi h\u00e5ber, du kan finde et udtryk, som taler til dig og minder om netop din bedste ven. Du kan ogs\u00e5 kigge i vores internat for unika-hunde.<\/p>","protected":false},"excerpt":{"rendered":"<p>HUND MED RUNDT HOVED OG FLAD SNUDE Hundene er ikke portr\u00e6tter af bestemte racer, men vi h\u00e5ber, du kan finde et udtryk, som taler til dig og minder om netop din bedste ven. Du kan ogs\u00e5 kigge i vores internat for unika-hunde.<\/p>","protected":false},"featured_media":523,"comment_status":"open","ping_status":"closed","template":"","meta":[],"product_brand":[],"product_cat":[23],"product_tag":[],"class_list":{"0":"post-497","1":"product","2":"type-product","3":"status-publish","4":"has-post-thumbnail","6":"product_cat-urner-til-hunde","8":"first","9":"instock","10":"taxable","11":"shipping-taxable","12":"purchasable","13":"product-type-variable","14":"has-default-attributes"},"yoast_head":"<!-- This site is optimized with the Yoast SEO plugin v27.4 - https:\/\/yoast.com\/product\/yoast-seo-wordpress\/ -->\n<title>Urne til hund - Billy | K\u00e6ledyrsurner<\/title>\n<meta name=\"robots\" content=\"index, follow, max-snippet:-1, max-image-preview:large, max-video-preview:-1\" \/>\n<link rel=\"canonical\" href=\"https:\/\/kaeledyrsurner.dk\/en\/produkt\/urne-til-hund-billy\/\" \/>\n<meta property=\"og:locale\" content=\"en_GB\" \/>\n<meta property=\"og:type\" content=\"article\" \/>\n<meta property=\"og:title\" content=\"Urne til hund - Billy | K\u00e6ledyrsurner\" \/>\n<meta property=\"og:description\" content=\"HUND MED RUNDT HOVED OG FLAD SNUDE Hundene er ikke portr\u00e6tter af bestemte racer, men vi h\u00e5ber, du kan finde et udtryk, som taler til dig og minder om netop din bedste ven. Du kan ogs\u00e5 kigge i vores internat for unika-hunde.\" \/>\n<meta property=\"og:url\" content=\"https:\/\/kaeledyrsurner.dk\/en\/produkt\/urne-til-hund-billy\/\" \/>\n<meta property=\"og:site_name\" content=\"K\u00e6ledyrsurner\" \/>\n<meta property=\"article:publisher\" content=\"https:\/\/www.facebook.com\/uurna.dk\" \/>\n<meta property=\"article:modified_time\" content=\"2026-01-08T10:52:59+00:00\" \/>\n<meta property=\"og:image\" content=\"https:\/\/kaeledyrsurner.dk\/wp-content\/uploads\/2026\/01\/043d6a_26b5a9e8373a4ab884d65598d7ce2242mv2.jpg\" \/>\n\t<meta property=\"og:image:width\" content=\"1500\" \/>\n\t<meta property=\"og:image:height\" content=\"1500\" \/>\n\t<meta property=\"og:image:type\" content=\"image\/jpeg\" \/>\n<meta name=\"twitter:card\" content=\"summary_large_image\" \/>\n<script type=\"application\/ld+json\" class=\"yoast-schema-graph\">{\"@context\":\"https:\\\/\\\/schema.org\",\"@graph\":[{\"@type\":\"WebPage\",\"@id\":\"https:\\\/\\\/kaeledyrsurner.dk\\\/produkt\\\/urne-til-hund-billy\\\/\",\"url\":\"https:\\\/\\\/kaeledyrsurner.dk\\\/produkt\\\/urne-til-hund-billy\\\/\",\"name\":\"Urne til hund - Billy | K\u00e6ledyrsurner\",\"isPartOf\":{\"@id\":\"https:\\\/\\\/kaeledyrsurner.dk\\\/en\\\/#website\"},\"primaryImageOfPage\":{\"@id\":\"https:\\\/\\\/kaeledyrsurner.dk\\\/produkt\\\/urne-til-hund-billy\\\/#primaryimage\"},\"image\":{\"@id\":\"https:\\\/\\\/kaeledyrsurner.dk\\\/produkt\\\/urne-til-hund-billy\\\/#primaryimage\"},\"thumbnailUrl\":\"https:\\\/\\\/i0.wp.com\\\/kaeledyrsurner.dk\\\/wp-content\\\/uploads\\\/2026\\\/01\\\/043d6a_26b5a9e8373a4ab884d65598d7ce2242mv2.jpg?fit=1500%2C1500&quality=40&ssl=1\",\"datePublished\":\"2026-01-08T10:28:19+00:00\",\"dateModified\":\"2026-01-08T10:52:59+00:00\",\"breadcrumb\":{\"@id\":\"https:\\\/\\\/kaeledyrsurner.dk\\\/produkt\\\/urne-til-hund-billy\\\/#breadcrumb\"},\"inLanguage\":\"en-GB\",\"potentialAction\":[{\"@type\":\"ReadAction\",\"target\":[\"https:\\\/\\\/kaeledyrsurner.dk\\\/produkt\\\/urne-til-hund-billy\\\/\"]}]},{\"@type\":\"ImageObject\",\"inLanguage\":\"en-GB\",\"@id\":\"https:\\\/\\\/kaeledyrsurner.dk\\\/produkt\\\/urne-til-hund-billy\\\/#primaryimage\",\"url\":\"https:\\\/\\\/i0.wp.com\\\/kaeledyrsurner.dk\\\/wp-content\\\/uploads\\\/2026\\\/01\\\/043d6a_26b5a9e8373a4ab884d65598d7ce2242mv2.jpg?fit=1500%2C1500&quality=40&ssl=1\",\"contentUrl\":\"https:\\\/\\\/i0.wp.com\\\/kaeledyrsurner.dk\\\/wp-content\\\/uploads\\\/2026\\\/01\\\/043d6a_26b5a9e8373a4ab884d65598d7ce2242mv2.jpg?fit=1500%2C1500&quality=40&ssl=1\",\"width\":1500,\"height\":1500},{\"@type\":\"BreadcrumbList\",\"@id\":\"https:\\\/\\\/kaeledyrsurner.dk\\\/produkt\\\/urne-til-hund-billy\\\/#breadcrumb\",\"itemListElement\":[{\"@type\":\"ListItem\",\"position\":1,\"name\":\"Hjem\",\"item\":\"https:\\\/\\\/kaeledyrsurner.dk\\\/\"},{\"@type\":\"ListItem\",\"position\":2,\"name\":\"Butik\",\"item\":\"https:\\\/\\\/kaeledyrsurner.dk\\\/butik\\\/\"},{\"@type\":\"ListItem\",\"position\":3,\"name\":\"Urne til hund &#8211; Billy\"}]},{\"@type\":\"WebSite\",\"@id\":\"https:\\\/\\\/kaeledyrsurner.dk\\\/en\\\/#website\",\"url\":\"https:\\\/\\\/kaeledyrsurner.dk\\\/en\\\/\",\"name\":\"K\u00e6ledyrsurner\",\"description\":\"\",\"publisher\":{\"@id\":\"https:\\\/\\\/kaeledyrsurner.dk\\\/en\\\/#organization\"},\"potentialAction\":[{\"@type\":\"SearchAction\",\"target\":{\"@type\":\"EntryPoint\",\"urlTemplate\":\"https:\\\/\\\/kaeledyrsurner.dk\\\/en\\\/?s={search_term_string}\"},\"query-input\":{\"@type\":\"PropertyValueSpecification\",\"valueRequired\":true,\"valueName\":\"search_term_string\"}}],\"inLanguage\":\"en-GB\"},{\"@type\":\"Organization\",\"@id\":\"https:\\\/\\\/kaeledyrsurner.dk\\\/en\\\/#organization\",\"name\":\"Uurna ApS\",\"url\":\"https:\\\/\\\/kaeledyrsurner.dk\\\/en\\\/\",\"logo\":{\"@type\":\"ImageObject\",\"inLanguage\":\"en-GB\",\"@id\":\"https:\\\/\\\/kaeledyrsurner.dk\\\/en\\\/#\\\/schema\\\/logo\\\/image\\\/\",\"url\":\"https:\\\/\\\/kaeledyrsurner.dk\\\/wp-content\\\/uploads\\\/2026\\\/01\\\/kaeledyrsurner_logo_rgb_positive.svg\",\"contentUrl\":\"https:\\\/\\\/kaeledyrsurner.dk\\\/wp-content\\\/uploads\\\/2026\\\/01\\\/kaeledyrsurner_logo_rgb_positive.svg\",\"width\":37,\"height\":70,\"caption\":\"Uurna ApS\"},\"image\":{\"@id\":\"https:\\\/\\\/kaeledyrsurner.dk\\\/en\\\/#\\\/schema\\\/logo\\\/image\\\/\"},\"sameAs\":[\"https:\\\/\\\/www.facebook.com\\\/uurna.dk\",\"https:\\\/\\\/www.instagram.com\\\/uurna_kaeledyr\"]}]}<\/script>\n<!-- \/ Yoast SEO plugin. -->","yoast_head_json":{"title":"Urne til hund - Billy | K\u00e6ledyrsurner","robots":{"index":"index","follow":"follow","max-snippet":"max-snippet:-1","max-image-preview":"max-image-preview:large","max-video-preview":"max-video-preview:-1"},"canonical":"https:\/\/kaeledyrsurner.dk\/en\/produkt\/urne-til-hund-billy\/","og_locale":"en_GB","og_type":"article","og_title":"Urne til hund - Billy | K\u00e6ledyrsurner","og_description":"HUND MED RUNDT HOVED OG FLAD SNUDE Hundene er ikke portr\u00e6tter af bestemte racer, men vi h\u00e5ber, du kan finde et udtryk, som taler til dig og minder om netop din bedste ven. Du kan ogs\u00e5 kigge i vores internat for unika-hunde.","og_url":"https:\/\/kaeledyrsurner.dk\/en\/produkt\/urne-til-hund-billy\/","og_site_name":"K\u00e6ledyrsurner","article_publisher":"https:\/\/www.facebook.com\/uurna.dk","article_modified_time":"2026-01-08T10:52:59+00:00","og_image":[{"width":1500,"height":1500,"url":"https:\/\/kaeledyrsurner.dk\/wp-content\/uploads\/2026\/01\/043d6a_26b5a9e8373a4ab884d65598d7ce2242mv2.jpg","type":"image\/jpeg"}],"twitter_card":"summary_large_image","schema":{"@context":"https:\/\/schema.org","@graph":[{"@type":"WebPage","@id":"https:\/\/kaeledyrsurner.dk\/produkt\/urne-til-hund-billy\/","url":"https:\/\/kaeledyrsurner.dk\/produkt\/urne-til-hund-billy\/","name":"Urne til hund - Billy | K\u00e6ledyrsurner","isPartOf":{"@id":"https:\/\/kaeledyrsurner.dk\/en\/#website"},"primaryImageOfPage":{"@id":"https:\/\/kaeledyrsurner.dk\/produkt\/urne-til-hund-billy\/#primaryimage"},"image":{"@id":"https:\/\/kaeledyrsurner.dk\/produkt\/urne-til-hund-billy\/#primaryimage"},"thumbnailUrl":"https:\/\/i0.wp.com\/kaeledyrsurner.dk\/wp-content\/uploads\/2026\/01\/043d6a_26b5a9e8373a4ab884d65598d7ce2242mv2.jpg?fit=1500%2C1500&quality=40&ssl=1","datePublished":"2026-01-08T10:28:19+00:00","dateModified":"2026-01-08T10:52:59+00:00","breadcrumb":{"@id":"https:\/\/kaeledyrsurner.dk\/produkt\/urne-til-hund-billy\/#breadcrumb"},"inLanguage":"en-GB","potentialAction":[{"@type":"ReadAction","target":["https:\/\/kaeledyrsurner.dk\/produkt\/urne-til-hund-billy\/"]}]},{"@type":"ImageObject","inLanguage":"en-GB","@id":"https:\/\/kaeledyrsurner.dk\/produkt\/urne-til-hund-billy\/#primaryimage","url":"https:\/\/i0.wp.com\/kaeledyrsurner.dk\/wp-content\/uploads\/2026\/01\/043d6a_26b5a9e8373a4ab884d65598d7ce2242mv2.jpg?fit=1500%2C1500&quality=40&ssl=1","contentUrl":"https:\/\/i0.wp.com\/kaeledyrsurner.dk\/wp-content\/uploads\/2026\/01\/043d6a_26b5a9e8373a4ab884d65598d7ce2242mv2.jpg?fit=1500%2C1500&quality=40&ssl=1","width":1500,"height":1500},{"@type":"BreadcrumbList","@id":"https:\/\/kaeledyrsurner.dk\/produkt\/urne-til-hund-billy\/#breadcrumb","itemListElement":[{"@type":"ListItem","position":1,"name":"Hjem","item":"https:\/\/kaeledyrsurner.dk\/"},{"@type":"ListItem","position":2,"name":"Butik","item":"https:\/\/kaeledyrsurner.dk\/butik\/"},{"@type":"ListItem","position":3,"name":"Urne til hund &#8211; Billy"}]},{"@type":"WebSite","@id":"https:\/\/kaeledyrsurner.dk\/en\/#website","url":"https:\/\/kaeledyrsurner.dk\/en\/","name":"Pet Urns","description":"","publisher":{"@id":"https:\/\/kaeledyrsurner.dk\/en\/#organization"},"potentialAction":[{"@type":"SearchAction","target":{"@type":"EntryPoint","urlTemplate":"https:\/\/kaeledyrsurner.dk\/en\/?s={search_term_string}"},"query-input":{"@type":"PropertyValueSpecification","valueRequired":true,"valueName":"search_term_string"}}],"inLanguage":"en-GB"},{"@type":"Organization","@id":"https:\/\/kaeledyrsurner.dk\/en\/#organization","name":"Uurna ApS","url":"https:\/\/kaeledyrsurner.dk\/en\/","logo":{"@type":"ImageObject","inLanguage":"en-GB","@id":"https:\/\/kaeledyrsurner.dk\/en\/#\/schema\/logo\/image\/","url":"https:\/\/kaeledyrsurner.dk\/wp-content\/uploads\/2026\/01\/kaeledyrsurner_logo_rgb_positive.svg","contentUrl":"https:\/\/kaeledyrsurner.dk\/wp-content\/uploads\/2026\/01\/kaeledyrsurner_logo_rgb_positive.svg","width":37,"height":70,"caption":"Uurna ApS"},"image":{"@id":"https:\/\/kaeledyrsurner.dk\/en\/#\/schema\/logo\/image\/"},"sameAs":["https:\/\/www.facebook.com\/uurna.dk","https:\/\/www.instagram.com\/uurna_kaeledyr"]}]}},"jetpack_sharing_enabled":true,"_links":{"self":[{"href":"https:\/\/kaeledyrsurner.dk\/en\/wp-json\/wp\/v2\/product\/497","targetHints":{"allow":["GET"]}}],"collection":[{"href":"https:\/\/kaeledyrsurner.dk\/en\/wp-json\/wp\/v2\/product"}],"about":[{"href":"https:\/\/kaeledyrsurner.dk\/en\/wp-json\/wp\/v2\/types\/product"}],"replies":[{"embeddable":true,"href":"https:\/\/kaeledyrsurner.dk\/en\/wp-json\/wp\/v2\/comments?post=497"}],"wp:featuredmedia":[{"embeddable":true,"href":"https:\/\/kaeledyrsurner.dk\/en\/wp-json\/wp\/v2\/media\/523"}],"wp:attachment":[{"href":"https:\/\/kaeledyrsurner.dk\/en\/wp-json\/wp\/v2\/media?parent=497"}],"wp:term":[{"taxonomy":"product_brand","embeddable":true,"href":"https:\/\/kaeledyrsurner.dk\/en\/wp-json\/wp\/v2\/product_brand?post=497"},{"taxonomy":"product_cat","embeddable":true,"href":"https:\/\/kaeledyrsurner.dk\/en\/wp-json\/wp\/v2\/product_cat?post=497"},{"taxonomy":"product_tag","embeddable":true,"href":"https:\/\/kaeledyrsurner.dk\/en\/wp-json\/wp\/v2\/product_tag?post=497"}],"curies":[{"name":"wp","href":"https:\/\/api.w.org\/{rel}","templated":true}]}}