{"id":218,"date":"2026-01-05T11:29:45","date_gmt":"2026-01-05T10:29:45","guid":{"rendered":"https:\/\/kaeledyrsurner.dk\/?post_type=product&#038;p=218"},"modified":"2026-01-14T21:45:26","modified_gmt":"2026-01-14T20:45:26","slug":"dyreurne","status":"publish","type":"product","link":"https:\/\/kaeledyrsurner.dk\/en\/produkt\/dyreurne\/","title":{"rendered":"Animal urn"},"content":{"rendered":"<p>H\u00e5ndfiltet dyreurne.\u00a0Ren uld. Varm og bl\u00f8d.<br \/>\nDenne dyreurne\u00a0kan st\u00e5 i hjemmet, s\u00e5 l\u00e6nge du \u00f8nsker det. P\u00e5 et tidpunkt skal den m\u00e5ske videre, og den kan s\u00e5 s\u00e6nkes i jorden, hvor den bliver til ren muld.\u00a0100 % nedbrydelig og komposterbar.<\/p>\n<p>Se yderligere info vedr. st\u00f8rrelser og kremering.<\/p>","protected":false},"excerpt":{"rendered":"<p>H\u00e5ndfiltet dyreurne.\u00a0Ren uld. Varm og bl\u00f8d. Denne dyreurne\u00a0kan st\u00e5 i hjemmet, s\u00e5 l\u00e6nge du \u00f8nsker det. P\u00e5 et tidpunkt skal den m\u00e5ske videre, og den kan s\u00e5 s\u00e6nkes i jorden, hvor den bliver til ren muld.\u00a0100 % nedbrydelig og komposterbar. Se yderligere info vedr. st\u00f8rrelser og kremering.<\/p>","protected":false},"featured_media":267,"comment_status":"open","ping_status":"closed","template":"","meta":[],"product_brand":[],"product_cat":[23,22],"product_tag":[],"class_list":{"0":"post-218","1":"product","2":"type-product","3":"status-publish","4":"has-post-thumbnail","6":"product_cat-urner-til-hunde","7":"product_cat-urner-til-katte","9":"first","10":"instock","11":"taxable","12":"shipping-taxable","13":"purchasable","14":"product-type-variable","15":"has-default-attributes"},"yoast_head":"<!-- This site is optimized with the Yoast SEO plugin v27.6 - https:\/\/yoast.com\/product\/yoast-seo-wordpress\/ -->\n<title>Dyreurne | K\u00e6ledyrsurner<\/title>\n<meta name=\"robots\" content=\"index, follow, max-snippet:-1, max-image-preview:large, max-video-preview:-1\" \/>\n<link rel=\"canonical\" href=\"https:\/\/kaeledyrsurner.dk\/en\/produkt\/dyreurne\/\" \/>\n<meta property=\"og:locale\" content=\"en_GB\" \/>\n<meta property=\"og:type\" content=\"article\" \/>\n<meta property=\"og:title\" content=\"Dyreurne | K\u00e6ledyrsurner\" \/>\n<meta property=\"og:description\" content=\"H\u00e5ndfiltet dyreurne.\u00a0Ren uld. Varm og bl\u00f8d. Denne dyreurne\u00a0kan st\u00e5 i hjemmet, s\u00e5 l\u00e6nge du \u00f8nsker det. P\u00e5 et tidpunkt skal den m\u00e5ske videre, og den kan s\u00e5 s\u00e6nkes i jorden, hvor den bliver til ren muld.\u00a0100 % nedbrydelig og komposterbar. Se yderligere info vedr. st\u00f8rrelser og kremering.\" \/>\n<meta property=\"og:url\" content=\"https:\/\/kaeledyrsurner.dk\/en\/produkt\/dyreurne\/\" \/>\n<meta property=\"og:site_name\" content=\"K\u00e6ledyrsurner\" \/>\n<meta property=\"article:publisher\" content=\"https:\/\/www.facebook.com\/uurna.dk\" \/>\n<meta property=\"article:modified_time\" content=\"2026-01-14T20:45:26+00:00\" \/>\n<meta property=\"og:image\" content=\"https:\/\/kaeledyrsurner.dk\/wp-content\/uploads\/2026\/01\/f8e9ae_904103ba396c477aa4f7a61d803fd15bmv2.jpg\" \/>\n\t<meta property=\"og:image:width\" content=\"982\" \/>\n\t<meta property=\"og:image:height\" content=\"982\" \/>\n\t<meta property=\"og:image:type\" content=\"image\/jpeg\" \/>\n<meta name=\"twitter:card\" content=\"summary_large_image\" \/>\n<script type=\"application\/ld+json\" class=\"yoast-schema-graph\">{\"@context\":\"https:\\\/\\\/schema.org\",\"@graph\":[{\"@type\":\"WebPage\",\"@id\":\"https:\\\/\\\/kaeledyrsurner.dk\\\/produkt\\\/dyreurne\\\/\",\"url\":\"https:\\\/\\\/kaeledyrsurner.dk\\\/produkt\\\/dyreurne\\\/\",\"name\":\"Dyreurne | K\u00e6ledyrsurner\",\"isPartOf\":{\"@id\":\"https:\\\/\\\/kaeledyrsurner.dk\\\/en\\\/#website\"},\"primaryImageOfPage\":{\"@id\":\"https:\\\/\\\/kaeledyrsurner.dk\\\/produkt\\\/dyreurne\\\/#primaryimage\"},\"image\":{\"@id\":\"https:\\\/\\\/kaeledyrsurner.dk\\\/produkt\\\/dyreurne\\\/#primaryimage\"},\"thumbnailUrl\":\"https:\\\/\\\/i0.wp.com\\\/kaeledyrsurner.dk\\\/wp-content\\\/uploads\\\/2026\\\/01\\\/f8e9ae_904103ba396c477aa4f7a61d803fd15bmv2.jpg?fit=982%2C982&quality=40&ssl=1\",\"datePublished\":\"2026-01-05T10:29:45+00:00\",\"dateModified\":\"2026-01-14T20:45:26+00:00\",\"breadcrumb\":{\"@id\":\"https:\\\/\\\/kaeledyrsurner.dk\\\/produkt\\\/dyreurne\\\/#breadcrumb\"},\"inLanguage\":\"en-GB\",\"potentialAction\":[{\"@type\":\"ReadAction\",\"target\":[\"https:\\\/\\\/kaeledyrsurner.dk\\\/produkt\\\/dyreurne\\\/\"]}]},{\"@type\":\"ImageObject\",\"inLanguage\":\"en-GB\",\"@id\":\"https:\\\/\\\/kaeledyrsurner.dk\\\/produkt\\\/dyreurne\\\/#primaryimage\",\"url\":\"https:\\\/\\\/i0.wp.com\\\/kaeledyrsurner.dk\\\/wp-content\\\/uploads\\\/2026\\\/01\\\/f8e9ae_904103ba396c477aa4f7a61d803fd15bmv2.jpg?fit=982%2C982&quality=40&ssl=1\",\"contentUrl\":\"https:\\\/\\\/i0.wp.com\\\/kaeledyrsurner.dk\\\/wp-content\\\/uploads\\\/2026\\\/01\\\/f8e9ae_904103ba396c477aa4f7a61d803fd15bmv2.jpg?fit=982%2C982&quality=40&ssl=1\",\"width\":982,\"height\":982},{\"@type\":\"BreadcrumbList\",\"@id\":\"https:\\\/\\\/kaeledyrsurner.dk\\\/produkt\\\/dyreurne\\\/#breadcrumb\",\"itemListElement\":[{\"@type\":\"ListItem\",\"position\":1,\"name\":\"Hjem\",\"item\":\"https:\\\/\\\/kaeledyrsurner.dk\\\/\"},{\"@type\":\"ListItem\",\"position\":2,\"name\":\"Butik\",\"item\":\"https:\\\/\\\/kaeledyrsurner.dk\\\/butik\\\/\"},{\"@type\":\"ListItem\",\"position\":3,\"name\":\"Dyreurne\"}]},{\"@type\":\"WebSite\",\"@id\":\"https:\\\/\\\/kaeledyrsurner.dk\\\/en\\\/#website\",\"url\":\"https:\\\/\\\/kaeledyrsurner.dk\\\/en\\\/\",\"name\":\"K\u00e6ledyrsurner\",\"description\":\"\",\"publisher\":{\"@id\":\"https:\\\/\\\/kaeledyrsurner.dk\\\/en\\\/#organization\"},\"potentialAction\":[{\"@type\":\"SearchAction\",\"target\":{\"@type\":\"EntryPoint\",\"urlTemplate\":\"https:\\\/\\\/kaeledyrsurner.dk\\\/en\\\/?s={search_term_string}\"},\"query-input\":{\"@type\":\"PropertyValueSpecification\",\"valueRequired\":true,\"valueName\":\"search_term_string\"}}],\"inLanguage\":\"en-GB\"},{\"@type\":\"Organization\",\"@id\":\"https:\\\/\\\/kaeledyrsurner.dk\\\/en\\\/#organization\",\"name\":\"Uurna ApS\",\"url\":\"https:\\\/\\\/kaeledyrsurner.dk\\\/en\\\/\",\"logo\":{\"@type\":\"ImageObject\",\"inLanguage\":\"en-GB\",\"@id\":\"https:\\\/\\\/kaeledyrsurner.dk\\\/en\\\/#\\\/schema\\\/logo\\\/image\\\/\",\"url\":\"https:\\\/\\\/kaeledyrsurner.dk\\\/wp-content\\\/uploads\\\/2026\\\/01\\\/kaeledyrsurner_logo_rgb_positive.svg\",\"contentUrl\":\"https:\\\/\\\/kaeledyrsurner.dk\\\/wp-content\\\/uploads\\\/2026\\\/01\\\/kaeledyrsurner_logo_rgb_positive.svg\",\"width\":37,\"height\":70,\"caption\":\"Uurna ApS\"},\"image\":{\"@id\":\"https:\\\/\\\/kaeledyrsurner.dk\\\/en\\\/#\\\/schema\\\/logo\\\/image\\\/\"},\"sameAs\":[\"https:\\\/\\\/www.facebook.com\\\/uurna.dk\",\"https:\\\/\\\/www.instagram.com\\\/uurna_kaeledyr\"]}]}<\/script>\n<!-- \/ Yoast SEO plugin. -->","yoast_head_json":{"title":"Dyreurne | K\u00e6ledyrsurner","robots":{"index":"index","follow":"follow","max-snippet":"max-snippet:-1","max-image-preview":"max-image-preview:large","max-video-preview":"max-video-preview:-1"},"canonical":"https:\/\/kaeledyrsurner.dk\/en\/produkt\/dyreurne\/","og_locale":"en_GB","og_type":"article","og_title":"Dyreurne | K\u00e6ledyrsurner","og_description":"H\u00e5ndfiltet dyreurne.\u00a0Ren uld. Varm og bl\u00f8d. Denne dyreurne\u00a0kan st\u00e5 i hjemmet, s\u00e5 l\u00e6nge du \u00f8nsker det. P\u00e5 et tidpunkt skal den m\u00e5ske videre, og den kan s\u00e5 s\u00e6nkes i jorden, hvor den bliver til ren muld.\u00a0100 % nedbrydelig og komposterbar. Se yderligere info vedr. st\u00f8rrelser og kremering.","og_url":"https:\/\/kaeledyrsurner.dk\/en\/produkt\/dyreurne\/","og_site_name":"K\u00e6ledyrsurner","article_publisher":"https:\/\/www.facebook.com\/uurna.dk","article_modified_time":"2026-01-14T20:45:26+00:00","og_image":[{"width":982,"height":982,"url":"https:\/\/kaeledyrsurner.dk\/wp-content\/uploads\/2026\/01\/f8e9ae_904103ba396c477aa4f7a61d803fd15bmv2.jpg","type":"image\/jpeg"}],"twitter_card":"summary_large_image","schema":{"@context":"https:\/\/schema.org","@graph":[{"@type":"WebPage","@id":"https:\/\/kaeledyrsurner.dk\/produkt\/dyreurne\/","url":"https:\/\/kaeledyrsurner.dk\/produkt\/dyreurne\/","name":"Dyreurne | K\u00e6ledyrsurner","isPartOf":{"@id":"https:\/\/kaeledyrsurner.dk\/en\/#website"},"primaryImageOfPage":{"@id":"https:\/\/kaeledyrsurner.dk\/produkt\/dyreurne\/#primaryimage"},"image":{"@id":"https:\/\/kaeledyrsurner.dk\/produkt\/dyreurne\/#primaryimage"},"thumbnailUrl":"https:\/\/i0.wp.com\/kaeledyrsurner.dk\/wp-content\/uploads\/2026\/01\/f8e9ae_904103ba396c477aa4f7a61d803fd15bmv2.jpg?fit=982%2C982&quality=40&ssl=1","datePublished":"2026-01-05T10:29:45+00:00","dateModified":"2026-01-14T20:45:26+00:00","breadcrumb":{"@id":"https:\/\/kaeledyrsurner.dk\/produkt\/dyreurne\/#breadcrumb"},"inLanguage":"en-GB","potentialAction":[{"@type":"ReadAction","target":["https:\/\/kaeledyrsurner.dk\/produkt\/dyreurne\/"]}]},{"@type":"ImageObject","inLanguage":"en-GB","@id":"https:\/\/kaeledyrsurner.dk\/produkt\/dyreurne\/#primaryimage","url":"https:\/\/i0.wp.com\/kaeledyrsurner.dk\/wp-content\/uploads\/2026\/01\/f8e9ae_904103ba396c477aa4f7a61d803fd15bmv2.jpg?fit=982%2C982&quality=40&ssl=1","contentUrl":"https:\/\/i0.wp.com\/kaeledyrsurner.dk\/wp-content\/uploads\/2026\/01\/f8e9ae_904103ba396c477aa4f7a61d803fd15bmv2.jpg?fit=982%2C982&quality=40&ssl=1","width":982,"height":982},{"@type":"BreadcrumbList","@id":"https:\/\/kaeledyrsurner.dk\/produkt\/dyreurne\/#breadcrumb","itemListElement":[{"@type":"ListItem","position":1,"name":"Hjem","item":"https:\/\/kaeledyrsurner.dk\/"},{"@type":"ListItem","position":2,"name":"Butik","item":"https:\/\/kaeledyrsurner.dk\/butik\/"},{"@type":"ListItem","position":3,"name":"Dyreurne"}]},{"@type":"WebSite","@id":"https:\/\/kaeledyrsurner.dk\/en\/#website","url":"https:\/\/kaeledyrsurner.dk\/en\/","name":"Pet Urns","description":"","publisher":{"@id":"https:\/\/kaeledyrsurner.dk\/en\/#organization"},"potentialAction":[{"@type":"SearchAction","target":{"@type":"EntryPoint","urlTemplate":"https:\/\/kaeledyrsurner.dk\/en\/?s={search_term_string}"},"query-input":{"@type":"PropertyValueSpecification","valueRequired":true,"valueName":"search_term_string"}}],"inLanguage":"en-GB"},{"@type":"Organization","@id":"https:\/\/kaeledyrsurner.dk\/en\/#organization","name":"Uurna ApS","url":"https:\/\/kaeledyrsurner.dk\/en\/","logo":{"@type":"ImageObject","inLanguage":"en-GB","@id":"https:\/\/kaeledyrsurner.dk\/en\/#\/schema\/logo\/image\/","url":"https:\/\/kaeledyrsurner.dk\/wp-content\/uploads\/2026\/01\/kaeledyrsurner_logo_rgb_positive.svg","contentUrl":"https:\/\/kaeledyrsurner.dk\/wp-content\/uploads\/2026\/01\/kaeledyrsurner_logo_rgb_positive.svg","width":37,"height":70,"caption":"Uurna ApS"},"image":{"@id":"https:\/\/kaeledyrsurner.dk\/en\/#\/schema\/logo\/image\/"},"sameAs":["https:\/\/www.facebook.com\/uurna.dk","https:\/\/www.instagram.com\/uurna_kaeledyr"]}]}},"jetpack_sharing_enabled":true,"_links":{"self":[{"href":"https:\/\/kaeledyrsurner.dk\/en\/wp-json\/wp\/v2\/product\/218","targetHints":{"allow":["GET"]}}],"collection":[{"href":"https:\/\/kaeledyrsurner.dk\/en\/wp-json\/wp\/v2\/product"}],"about":[{"href":"https:\/\/kaeledyrsurner.dk\/en\/wp-json\/wp\/v2\/types\/product"}],"replies":[{"embeddable":true,"href":"https:\/\/kaeledyrsurner.dk\/en\/wp-json\/wp\/v2\/comments?post=218"}],"wp:featuredmedia":[{"embeddable":true,"href":"https:\/\/kaeledyrsurner.dk\/en\/wp-json\/wp\/v2\/media\/267"}],"wp:attachment":[{"href":"https:\/\/kaeledyrsurner.dk\/en\/wp-json\/wp\/v2\/media?parent=218"}],"wp:term":[{"taxonomy":"product_brand","embeddable":true,"href":"https:\/\/kaeledyrsurner.dk\/en\/wp-json\/wp\/v2\/product_brand?post=218"},{"taxonomy":"product_cat","embeddable":true,"href":"https:\/\/kaeledyrsurner.dk\/en\/wp-json\/wp\/v2\/product_cat?post=218"},{"taxonomy":"product_tag","embeddable":true,"href":"https:\/\/kaeledyrsurner.dk\/en\/wp-json\/wp\/v2\/product_tag?post=218"}],"curies":[{"name":"wp","href":"https:\/\/api.w.org\/{rel}","templated":true}]}}